{"id":8947,"date":"2026-03-24T14:15:59","date_gmt":"2026-03-24T12:15:59","guid":{"rendered":"https:\/\/educen.hr\/?page_id=8947"},"modified":"2026-04-01T09:06:48","modified_gmt":"2026-04-01T07:06:48","slug":"zagreb-prosthetics-implants-go-digital-2","status":"publish","type":"page","link":"https:\/\/educen.hr\/en\/zagreb-prosthetics-implants-go-digital-2\/","title":{"rendered":"Zagreb Prosthetics &#038; Implants [ GO DIGITAL ]"},"content":{"rendered":"<div class=\"wpb-content-wrapper\"><p>[vc_row equal_height=&#8221;yes&#8221; content_placement=&#8221;middle&#8221; css=&#8221;.vc_custom_1673518582845{padding-top: 80px !important;padding-bottom: 40px !important;}&#8221;][vc_column width=&#8221;1\/2&#8243; offset=&#8221;vc_col-lg-6 vc_col-md-6 vc_col-xs-12&#8243; css=&#8221;.vc_custom_1579947663151{padding-bottom: 30px !important;}&#8221;][vc_column_text css=&#8221;.vc_custom_1774431144877{padding-bottom: 20px !important;}&#8221;]<\/p>\n<p class=\"isSelectedEnd\">Po\u0161tovani,<\/p>\n<p class=\"isSelectedEnd\">zaprimili smo va\u0161u informaciju da <strong>niste<\/strong> u mogu\u0107nosti prisustvovati eventu <strong><em>Prosthetic &amp; Implant GO Digital<\/em>, koji \u0107e se odr\u017eati u Zagrebu, u petak, 27. o\u017eujka u 17:00 sati, u DoubleTree by Hilton Hotelu Zagreb.<\/strong><\/p>\n<p class=\"isSelectedEnd\">Zahvaljujemo vam na pravovremenoj obavijesti, koja nam poma\u017ee u kvalitetnoj organizaciji doga\u0111aja. Nadamo se da \u0107emo vas imati priliku ugostiti na nekom od na\u0161ih budu\u0107ih evenata ili te\u010dajeva.<\/p>\n<p>Ukoliko se predomislite klikom <strong><a href=\"https:\/\/educen.hr\/open-event-prosthetics-implants-go-digital\/\">ovdje<\/a><\/strong> mo\u017eete napraviti ponovnu prijavu<\/p>\n<p>Hvala puno<\/p>\n<p><strong>Educen \/ Novodent Team<\/strong><\/p>\n<p>&nbsp;<\/p>\n<p>&nbsp;<\/p>\n<p>&nbsp;<\/p>\n<p>&nbsp;<\/p>\n<p>&nbsp;[\/vc_column_text][\/vc_column][vc_column width=&#8221;1\/2&#8243; css=&#8221;.vc_custom_1579947671531{padding-bottom: 40px !important;}&#8221; offset=&#8221;vc_col-lg-6 vc_col-md-6 vc_col-xs-12&#8243;]<style type=\"text\/css\" data-type=\"the7_shortcodes-inline-css\">.shortcode-single-image-wrap.shortcode-single-image-b7e31219c9454968eeee5335718bf074.enable-bg-rollover .rollover i,\n.shortcode-single-image-wrap.shortcode-single-image-b7e31219c9454968eeee5335718bf074.enable-bg-rollover .rollover-video i {\n  background: -webkit-linear-gradient();\n  background: linear-gradient();\n}\n.shortcode-single-image-wrap.shortcode-single-image-b7e31219c9454968eeee5335718bf074 .rollover-icon {\n  font-size: 32px;\n  color: #ffffff;\n  min-width: 44px;\n  min-height: 44px;\n  line-height: 44px;\n  border-radius: 100px;\n  border-style: solid;\n  border-width: 0px;\n}\n.dt-icon-bg-on.shortcode-single-image-wrap.shortcode-single-image-b7e31219c9454968eeee5335718bf074 .rollover-icon {\n  background: rgba(255,255,255,0.3);\n  box-shadow: none;\n}<\/style><div class=\"shortcode-single-image-wrap shortcode-single-image-b7e31219c9454968eeee5335718bf074 alignnone  enable-bg-rollover dt-icon-bg-off\" style=\"margin-top:0px; margin-bottom:0px; margin-left:0px; margin-right:0px; width:1200px;\"><div class=\"shortcode-single-image\"><div class=\"fancy-media-wrap  layzr-bg\" style=\"\"><img fetchpriority=\"high\" decoding=\"async\" class=\"preload-me lazy-load aspect\" src=\"data:image\/svg+xml,%3Csvg%20xmlns%3D&#39;http%3A%2F%2Fwww.w3.org%2F2000%2Fsvg&#39;%20viewBox%3D&#39;0%200%20527%20527&#39;%2F%3E\" data-src=\"https:\/\/educen.hr\/wp-content\/uploads\/2026\/03\/go-digital-527x527.png\" data-srcset=\"https:\/\/educen.hr\/wp-content\/uploads\/2026\/03\/go-digital-527x527.png 527w\" loading=\"eager\" sizes=\"(max-width: 527px) 100vw, 527px\" width=\"527\" height=\"527\"  data-dt-location=\"https:\/\/educen.hr\/en\/zagreb-prosthetics-implants-go-digital\/go-digital\/\" style=\"--ratio: 527 \/ 527;\" alt=\"\" \/><\/div><\/div><\/div>[\/vc_column][\/vc_row]<\/p>\n<\/div>","protected":false},"excerpt":{"rendered":"<span class='tekstpredavac'>Speaker:<\/span><span class='predavac'><\/span><p>[vc_row equal_height=&#8221;yes&#8221; content_placement=&#8221;middle&#8221; css=&#8221;.vc_custom_1673518582845{padding-top: 80px !important;padding-bottom: 40px !important;}&#8221;][vc_column width=&#8221;1\/2&#8243; offset=&#8221;vc_col-lg-6 vc_col-md-6 vc_col-xs-12&#8243; css=&#8221;.vc_custom_1579947663151{padding-bottom: 30px !important;}&#8221;][vc_column_text css=&#8221;.vc_custom_1774431144877{padding-bottom: 20px !important;}&#8221;] Po\u0161tovani, zaprimili smo va\u0161u informaciju da niste u mogu\u0107nosti prisustvovati eventu Prosthetic &amp; Implant GO Digital, koji \u0107e se odr\u017eati u Zagrebu, u petak, 27. o\u017eujka u 17:00 sati, u DoubleTree by Hilton Hotelu Zagreb. Zahvaljujemo vam&hellip;<\/p>\n","protected":false},"author":2,"featured_media":0,"parent":0,"menu_order":5,"comment_status":"closed","ping_status":"closed","template":"","meta":{"_acf_changed":false,"ngg_post_thumbnail":0,"footnotes":""},"class_list":["post-8947","page","type-page","status-publish","hentry","description-off"],"acf":[],"yoast_head":"<!-- This site is optimized with the Yoast SEO plugin v27.2 - https:\/\/yoast.com\/product\/yoast-seo-wordpress\/ -->\n<title>Zagreb Prosthetics &amp; Implants [ GO DIGITAL ] - Educen<\/title>\n<meta name=\"description\" content=\"EDUCEN dentalni edukacijski centar nalazi se u Matuljima, mjestu nedaleko od Grada Opatije, grada koji je poznat po svom zdravstvenom turizmu. Matulji i Opatija zbog svoje frekventosti i povezanosti sa cijelom Europom pogodna su mjesta za kongrese, edukacije i te\u010dajeve\" \/>\n<meta name=\"robots\" content=\"index, follow, max-snippet:-1, max-image-preview:large, max-video-preview:-1\" \/>\n<link rel=\"canonical\" href=\"https:\/\/educen.hr\/en\/zagreb-prosthetics-implants-go-digital-2\/\" \/>\n<meta property=\"og:locale\" content=\"en_US\" \/>\n<meta property=\"og:type\" content=\"article\" \/>\n<meta property=\"og:title\" content=\"Zagreb Prosthetics &amp; Implants [ GO DIGITAL ] - Educen\" \/>\n<meta property=\"og:description\" content=\"EDUCEN dentalni edukacijski centar nalazi se u Matuljima, mjestu nedaleko od Grada Opatije, grada koji je poznat po svom zdravstvenom turizmu. Matulji i Opatija zbog svoje frekventosti i povezanosti sa cijelom Europom pogodna su mjesta za kongrese, edukacije i te\u010dajeve\" \/>\n<meta property=\"og:url\" content=\"https:\/\/educen.hr\/en\/zagreb-prosthetics-implants-go-digital-2\/\" \/>\n<meta property=\"og:site_name\" content=\"Educen\" \/>\n<meta property=\"article:modified_time\" content=\"2026-04-01T07:06:48+00:00\" \/>\n<meta name=\"twitter:card\" content=\"summary_large_image\" \/>\n<meta name=\"twitter:label1\" content=\"Est. reading time\" \/>\n\t<meta name=\"twitter:data1\" content=\"1 minute\" \/>\n<script type=\"application\/ld+json\" class=\"yoast-schema-graph\">{\"@context\":\"https:\/\/schema.org\",\"@graph\":[{\"@type\":\"WebPage\",\"@id\":\"https:\/\/educen.hr\/en\/zagreb-prosthetics-implants-go-digital-2\/\",\"url\":\"https:\/\/educen.hr\/en\/zagreb-prosthetics-implants-go-digital-2\/\",\"name\":\"Zagreb Prosthetics & Implants [ GO DIGITAL ] - Educen\",\"isPartOf\":{\"@id\":\"https:\/\/educen.hr\/en\/#website\"},\"datePublished\":\"2026-03-24T12:15:59+00:00\",\"dateModified\":\"2026-04-01T07:06:48+00:00\",\"description\":\"EDUCEN dentalni edukacijski centar nalazi se u Matuljima, mjestu nedaleko od Grada Opatije, grada koji je poznat po svom zdravstvenom turizmu. Matulji i Opatija zbog svoje frekventosti i povezanosti sa cijelom Europom pogodna su mjesta za kongrese, edukacije i te\u010dajeve\",\"breadcrumb\":{\"@id\":\"https:\/\/educen.hr\/en\/zagreb-prosthetics-implants-go-digital-2\/#breadcrumb\"},\"inLanguage\":\"en-US\",\"potentialAction\":[{\"@type\":\"ReadAction\",\"target\":[[\"https:\/\/educen.hr\/en\/zagreb-prosthetics-implants-go-digital-2\/\"]]}]},{\"@type\":\"BreadcrumbList\",\"@id\":\"https:\/\/educen.hr\/en\/zagreb-prosthetics-implants-go-digital-2\/#breadcrumb\",\"itemListElement\":[{\"@type\":\"ListItem\",\"position\":1,\"name\":\"Po\u010detna stranica\",\"item\":\"https:\/\/educen.hr\/en\/\"},{\"@type\":\"ListItem\",\"position\":2,\"name\":\"Zagreb Prosthetics &#038; Implants [ GO DIGITAL ]\"}]},{\"@type\":\"WebSite\",\"@id\":\"https:\/\/educen.hr\/en\/#website\",\"url\":\"https:\/\/educen.hr\/en\/\",\"name\":\"Educen - Dentalni edukacijski centar by Novodent\",\"description\":\"Dentalni edukacijski centar by Novodent\",\"publisher\":{\"@id\":\"https:\/\/educen.hr\/en\/#organization\"},\"potentialAction\":[{\"@type\":\"SearchAction\",\"target\":{\"@type\":\"EntryPoint\",\"urlTemplate\":\"https:\/\/educen.hr\/en\/?s={search_term_string}\"},\"query-input\":{\"@type\":\"PropertyValueSpecification\",\"valueRequired\":true,\"valueName\":\"search_term_string\"}}],\"inLanguage\":\"en-US\"},{\"@type\":\"Organization\",\"@id\":\"https:\/\/educen.hr\/en\/#organization\",\"name\":\"Educen - Dentalni edukacijski centar by Novodent\",\"url\":\"https:\/\/educen.hr\/en\/\",\"logo\":{\"@type\":\"ImageObject\",\"inLanguage\":\"en-US\",\"@id\":\"https:\/\/educen.hr\/en\/#\/schema\/logo\/image\/\",\"url\":\"https:\/\/educen.hr\/wp-content\/uploads\/2022\/09\/EDUCEN-logo.png\",\"contentUrl\":\"https:\/\/educen.hr\/wp-content\/uploads\/2022\/09\/EDUCEN-logo.png\",\"width\":862,\"height\":228,\"caption\":\"Educen - Dentalni edukacijski centar by Novodent\"},\"image\":{\"@id\":\"https:\/\/educen.hr\/en\/#\/schema\/logo\/image\/\"}}]}<\/script>\n<!-- \/ Yoast SEO plugin. -->","yoast_head_json":{"title":"Zagreb Prosthetics & Implants [ GO DIGITAL ] - Educen","description":"EDUCEN dentalni edukacijski centar nalazi se u Matuljima, mjestu nedaleko od Grada Opatije, grada koji je poznat po svom zdravstvenom turizmu. Matulji i Opatija zbog svoje frekventosti i povezanosti sa cijelom Europom pogodna su mjesta za kongrese, edukacije i te\u010dajeve","robots":{"index":"index","follow":"follow","max-snippet":"max-snippet:-1","max-image-preview":"max-image-preview:large","max-video-preview":"max-video-preview:-1"},"canonical":"https:\/\/educen.hr\/en\/zagreb-prosthetics-implants-go-digital-2\/","og_locale":"en_US","og_type":"article","og_title":"Zagreb Prosthetics & Implants [ GO DIGITAL ] - Educen","og_description":"EDUCEN dentalni edukacijski centar nalazi se u Matuljima, mjestu nedaleko od Grada Opatije, grada koji je poznat po svom zdravstvenom turizmu. Matulji i Opatija zbog svoje frekventosti i povezanosti sa cijelom Europom pogodna su mjesta za kongrese, edukacije i te\u010dajeve","og_url":"https:\/\/educen.hr\/en\/zagreb-prosthetics-implants-go-digital-2\/","og_site_name":"Educen","article_modified_time":"2026-04-01T07:06:48+00:00","twitter_card":"summary_large_image","twitter_misc":{"Est. reading time":"1 minute"},"schema":{"@context":"https:\/\/schema.org","@graph":[{"@type":"WebPage","@id":"https:\/\/educen.hr\/en\/zagreb-prosthetics-implants-go-digital-2\/","url":"https:\/\/educen.hr\/en\/zagreb-prosthetics-implants-go-digital-2\/","name":"Zagreb Prosthetics & Implants [ GO DIGITAL ] - Educen","isPartOf":{"@id":"https:\/\/educen.hr\/en\/#website"},"datePublished":"2026-03-24T12:15:59+00:00","dateModified":"2026-04-01T07:06:48+00:00","description":"EDUCEN dentalni edukacijski centar nalazi se u Matuljima, mjestu nedaleko od Grada Opatije, grada koji je poznat po svom zdravstvenom turizmu. Matulji i Opatija zbog svoje frekventosti i povezanosti sa cijelom Europom pogodna su mjesta za kongrese, edukacije i te\u010dajeve","breadcrumb":{"@id":"https:\/\/educen.hr\/en\/zagreb-prosthetics-implants-go-digital-2\/#breadcrumb"},"inLanguage":"en-US","potentialAction":[{"@type":"ReadAction","target":[["https:\/\/educen.hr\/en\/zagreb-prosthetics-implants-go-digital-2\/"]]}]},{"@type":"BreadcrumbList","@id":"https:\/\/educen.hr\/en\/zagreb-prosthetics-implants-go-digital-2\/#breadcrumb","itemListElement":[{"@type":"ListItem","position":1,"name":"Po\u010detna stranica","item":"https:\/\/educen.hr\/en\/"},{"@type":"ListItem","position":2,"name":"Zagreb Prosthetics &#038; Implants [ GO DIGITAL ]"}]},{"@type":"WebSite","@id":"https:\/\/educen.hr\/en\/#website","url":"https:\/\/educen.hr\/en\/","name":"Educen - Dentalni edukacijski centar by Novodent","description":"Dentalni edukacijski centar by Novodent","publisher":{"@id":"https:\/\/educen.hr\/en\/#organization"},"potentialAction":[{"@type":"SearchAction","target":{"@type":"EntryPoint","urlTemplate":"https:\/\/educen.hr\/en\/?s={search_term_string}"},"query-input":{"@type":"PropertyValueSpecification","valueRequired":true,"valueName":"search_term_string"}}],"inLanguage":"en-US"},{"@type":"Organization","@id":"https:\/\/educen.hr\/en\/#organization","name":"Educen - Dentalni edukacijski centar by Novodent","url":"https:\/\/educen.hr\/en\/","logo":{"@type":"ImageObject","inLanguage":"en-US","@id":"https:\/\/educen.hr\/en\/#\/schema\/logo\/image\/","url":"https:\/\/educen.hr\/wp-content\/uploads\/2022\/09\/EDUCEN-logo.png","contentUrl":"https:\/\/educen.hr\/wp-content\/uploads\/2022\/09\/EDUCEN-logo.png","width":862,"height":228,"caption":"Educen - Dentalni edukacijski centar by Novodent"},"image":{"@id":"https:\/\/educen.hr\/en\/#\/schema\/logo\/image\/"}}]}},"_links":{"self":[{"href":"https:\/\/educen.hr\/en\/wp-json\/wp\/v2\/pages\/8947","targetHints":{"allow":["GET"]}}],"collection":[{"href":"https:\/\/educen.hr\/en\/wp-json\/wp\/v2\/pages"}],"about":[{"href":"https:\/\/educen.hr\/en\/wp-json\/wp\/v2\/types\/page"}],"author":[{"embeddable":true,"href":"https:\/\/educen.hr\/en\/wp-json\/wp\/v2\/users\/2"}],"replies":[{"embeddable":true,"href":"https:\/\/educen.hr\/en\/wp-json\/wp\/v2\/comments?post=8947"}],"version-history":[{"count":4,"href":"https:\/\/educen.hr\/en\/wp-json\/wp\/v2\/pages\/8947\/revisions"}],"predecessor-version":[{"id":9197,"href":"https:\/\/educen.hr\/en\/wp-json\/wp\/v2\/pages\/8947\/revisions\/9197"}],"wp:attachment":[{"href":"https:\/\/educen.hr\/en\/wp-json\/wp\/v2\/media?parent=8947"}],"curies":[{"name":"wp","href":"https:\/\/api.w.org\/{rel}","templated":true}]}}